{"id":148,"date":"2024-09-18T00:28:23","date_gmt":"2024-09-18T00:28:23","guid":{"rendered":"https:\/\/grupopanorama.com.pa\/grupo\/?page_id=148"},"modified":"2025-04-16T03:20:05","modified_gmt":"2025-04-16T03:20:05","slug":"panorama-pisos-148","status":"publish","type":"page","link":"https:\/\/grupopanorama.com.pa\/?page_id=148","title":{"rendered":"Panorama Pisos"},"content":{"rendered":"\t\t<div data-elementor-type=\"wp-page\" data-elementor-id=\"148\" class=\"elementor elementor-148\" data-elementor-post-type=\"page\">\n\t\t\t\t<div class=\"elementor-element elementor-element-a9629fa e-con-full e-flex e-con e-parent\" data-id=\"a9629fa\" data-element_type=\"container\" data-e-type=\"container\">\n\t\t\t\t<div class=\"elementor-element elementor-element-abd4771 animated-slow elementor-invisible elementor-widget elementor-widget-image\" data-id=\"abd4771\" data-element_type=\"widget\" data-e-type=\"widget\" data-settings=\"{&quot;_animation&quot;:&quot;fadeInUp&quot;}\" data-widget_type=\"image.default\">\n\t\t\t\t<div class=\"elementor-widget-container\">\n\t\t\t\t\t\t\t\t\t\t\t\t\t\t\t<img fetchpriority=\"high\" decoding=\"async\" width=\"1501\" height=\"431\" src=\"https:\/\/i0.wp.com\/grupopanorama.com.pa\/wp-content\/uploads\/2024\/09\/deporte-n3-01.jpg?fit=1501%2C431&amp;ssl=1\" class=\"attachment-full size-full wp-image-253\" alt=\"\" srcset=\"https:\/\/i0.wp.com\/grupopanorama.com.pa\/wp-content\/uploads\/2024\/09\/deporte-n3-01.jpg?w=1501&amp;ssl=1 1501w, https:\/\/i0.wp.com\/grupopanorama.com.pa\/wp-content\/uploads\/2024\/09\/deporte-n3-01.jpg?resize=300%2C86&amp;ssl=1 300w, https:\/\/i0.wp.com\/grupopanorama.com.pa\/wp-content\/uploads\/2024\/09\/deporte-n3-01.jpg?resize=1024%2C294&amp;ssl=1 1024w, https:\/\/i0.wp.com\/grupopanorama.com.pa\/wp-content\/uploads\/2024\/09\/deporte-n3-01.jpg?resize=768%2C221&amp;ssl=1 768w\" sizes=\"(max-width: 800px) 100vw, 800px\" \/>\t\t\t\t\t\t\t\t\t\t\t\t\t\t\t<\/div>\n\t\t\t\t<\/div>\n\t\t\t\t<\/div>\n\t\t<div class=\"elementor-element elementor-element-643629b e-flex e-con-boxed e-con e-parent\" data-id=\"643629b\" data-element_type=\"container\" data-e-type=\"container\">\n\t\t\t\t\t<div class=\"e-con-inner\">\n\t\t<div class=\"elementor-element elementor-element-4f6ac50 e-con-full e-flex e-con e-child\" data-id=\"4f6ac50\" data-element_type=\"container\" data-e-type=\"container\">\n\t\t\t\t<div class=\"elementor-element elementor-element-b8e0d6f animated-slow elementor-invisible elementor-widget elementor-widget-heading\" data-id=\"b8e0d6f\" data-element_type=\"widget\" data-e-type=\"widget\" data-settings=\"{&quot;_animation&quot;:&quot;fadeInLeft&quot;}\" data-widget_type=\"heading.default\">\n\t\t\t\t<div class=\"elementor-widget-container\">\n\t\t\t\t\t<h2 class=\"elementor-heading-title elementor-size-default\">Panorama Pisos:<\/h2>\t\t\t\t<\/div>\n\t\t\t\t<\/div>\n\t\t\t\t<div class=\"elementor-element elementor-element-38e3db6 animated-slow elementor-invisible elementor-widget elementor-widget-heading\" data-id=\"38e3db6\" data-element_type=\"widget\" data-e-type=\"widget\" data-settings=\"{&quot;_animation&quot;:&quot;fadeInLeft&quot;}\" data-widget_type=\"heading.default\">\n\t\t\t\t<div class=\"elementor-widget-container\">\n\t\t\t\t\t<h4 class=\"elementor-heading-title elementor-size-default\">Pisos Vin\u00edlicos:<\/h4>\t\t\t\t<\/div>\n\t\t\t\t<\/div>\n\t\t\t\t<div class=\"elementor-element elementor-element-257bae8 animated-slow elementor-invisible elementor-widget elementor-widget-button\" data-id=\"257bae8\" data-element_type=\"widget\" data-e-type=\"widget\" data-settings=\"{&quot;_animation&quot;:&quot;fadeInLeft&quot;}\" data-widget_type=\"button.default\">\n\t\t\t\t<div class=\"elementor-widget-container\">\n\t\t\t\t\t\t\t\t\t<div class=\"elementor-button-wrapper\">\n\t\t\t\t\t<a class=\"elementor-button elementor-button-link elementor-size-sm\" href=\"https:\/\/grupopanorama.com.pa\/catalogo\/Catalogo_2024_pisos.pdf\" target=\"_blank\">\n\t\t\t\t\t\t<span class=\"elementor-button-content-wrapper\">\n\t\t\t\t\t\t\t\t\t<span class=\"elementor-button-text\">Pisos y Acabados<\/span>\n\t\t\t\t\t<\/span>\n\t\t\t\t\t<\/a>\n\t\t\t\t<\/div>\n\t\t\t\t\t\t\t\t<\/div>\n\t\t\t\t<\/div>\n\t\t\t\t<div class=\"elementor-element elementor-element-539103c animated-slow elementor-invisible elementor-widget elementor-widget-text-editor\" data-id=\"539103c\" data-element_type=\"widget\" data-e-type=\"widget\" data-settings=\"{&quot;_animation&quot;:&quot;fadeInLeft&quot;}\" data-widget_type=\"text-editor.default\">\n\t\t\t\t<div class=\"elementor-widget-container\">\n\t\t\t\t\t\t\t\t\t<p><strong>Panorama Pisos lleva mas de 20 a\u00f1os como distribuidora a nivel internacional para algunas de las constructoras m\u00e1s grandes del mundo, generando soluciones decorativas y de alto rendimiento en materia de pisos vin\u00edlicos. Hoy en d\u00eda nos dedicamos y nos enfocamos en la importaci\u00f3n, distribuci\u00f3n, asesoramiento&nbsp;<\/strong><strong style=\"color: var( --e-global-color-text ); background-color: var(--wp--preset--color--base);\">e instalaci\u00f3n de pisos vin\u00edlicos Lalur.<\/strong><\/p>\t\t\t\t\t\t\t\t<\/div>\n\t\t\t\t<\/div>\n\t\t\t\t<\/div>\n\t\t<div class=\"elementor-element elementor-element-d75201f e-con-full e-flex e-con e-child\" data-id=\"d75201f\" data-element_type=\"container\" data-e-type=\"container\">\n\t\t\t\t<div class=\"elementor-element elementor-element-7e01e51 animated-slow elementor-invisible elementor-widget elementor-widget-image\" data-id=\"7e01e51\" data-element_type=\"widget\" data-e-type=\"widget\" data-settings=\"{&quot;_animation&quot;:&quot;fadeInRight&quot;}\" data-widget_type=\"image.default\">\n\t\t\t\t<div class=\"elementor-widget-container\">\n\t\t\t\t\t\t\t\t\t\t\t\t\t\t\t<img decoding=\"async\" width=\"800\" height=\"597\" src=\"https:\/\/i0.wp.com\/grupopanorama.com.pa\/wp-content\/uploads\/2024\/09\/Panorama-Pisos-scaled-1.jpg?fit=800%2C597&amp;ssl=1\" class=\"attachment-large size-large wp-image-154\" alt=\"\" srcset=\"https:\/\/i0.wp.com\/grupopanorama.com.pa\/wp-content\/uploads\/2024\/09\/Panorama-Pisos-scaled-1.jpg?w=2560&amp;ssl=1 2560w, https:\/\/i0.wp.com\/grupopanorama.com.pa\/wp-content\/uploads\/2024\/09\/Panorama-Pisos-scaled-1.jpg?resize=300%2C224&amp;ssl=1 300w, https:\/\/i0.wp.com\/grupopanorama.com.pa\/wp-content\/uploads\/2024\/09\/Panorama-Pisos-scaled-1.jpg?resize=1024%2C764&amp;ssl=1 1024w, https:\/\/i0.wp.com\/grupopanorama.com.pa\/wp-content\/uploads\/2024\/09\/Panorama-Pisos-scaled-1.jpg?resize=768%2C573&amp;ssl=1 768w, https:\/\/i0.wp.com\/grupopanorama.com.pa\/wp-content\/uploads\/2024\/09\/Panorama-Pisos-scaled-1.jpg?resize=1536%2C1146&amp;ssl=1 1536w, https:\/\/i0.wp.com\/grupopanorama.com.pa\/wp-content\/uploads\/2024\/09\/Panorama-Pisos-scaled-1.jpg?resize=2048%2C1528&amp;ssl=1 2048w, https:\/\/i0.wp.com\/grupopanorama.com.pa\/wp-content\/uploads\/2024\/09\/Panorama-Pisos-scaled-1.jpg?w=1600&amp;ssl=1 1600w, https:\/\/i0.wp.com\/grupopanorama.com.pa\/wp-content\/uploads\/2024\/09\/Panorama-Pisos-scaled-1.jpg?w=2400&amp;ssl=1 2400w\" sizes=\"(max-width: 800px) 100vw, 800px\" \/>\t\t\t\t\t\t\t\t\t\t\t\t\t\t\t<\/div>\n\t\t\t\t<\/div>\n\t\t\t\t<\/div>\n\t\t\t\t\t<\/div>\n\t\t\t\t<\/div>\n\t\t\t\t<\/div>\n\t\t","protected":false},"excerpt":{"rendered":"<p>Panorama Pisos: Pisos Vin\u00edlicos: Pisos y Acabados Panorama Pisos lleva mas de 20 a\u00f1os como distribuidora a nivel internacional para algunas de las constructoras m\u00e1s grandes del mundo, generando soluciones decorativas y de alto rendimiento en materia de pisos vin\u00edlicos. Hoy en d\u00eda nos dedicamos y nos enfocamos en la importaci\u00f3n, distribuci\u00f3n, asesoramiento&nbsp;e instalaci\u00f3n de [&hellip;]<\/p>\n","protected":false},"author":1,"featured_media":0,"parent":0,"menu_order":0,"comment_status":"closed","ping_status":"closed","template":"","meta":{"_monsterinsights_skip_tracking":false,"_monsterinsights_sitenote_active":false,"_monsterinsights_sitenote_note":"","_monsterinsights_sitenote_category":0,"ngg_post_thumbnail":0,"footnotes":""},"class_list":["post-148","page","type-page","status-publish","hentry"],"yoast_head":"<!-- This site is optimized with the Yoast SEO plugin v27.5 - https:\/\/yoast.com\/product\/yoast-seo-wordpress\/ -->\n<title>Panorama Pisos - Grupo Panorama<\/title>\n<meta name=\"robots\" content=\"index, follow, max-snippet:-1, max-image-preview:large, max-video-preview:-1\" \/>\n<link rel=\"canonical\" href=\"https:\/\/grupopanorama.com.pa\/?page_id=148\" \/>\n<meta property=\"og:locale\" content=\"es_ES\" \/>\n<meta property=\"og:type\" content=\"article\" \/>\n<meta property=\"og:title\" content=\"Panorama Pisos - Grupo Panorama\" \/>\n<meta property=\"og:description\" content=\"Panorama Pisos: Pisos Vin\u00edlicos: Pisos y Acabados Panorama Pisos lleva mas de 20 a\u00f1os como distribuidora a nivel internacional para algunas de las constructoras m\u00e1s grandes del mundo, generando soluciones decorativas y de alto rendimiento en materia de pisos vin\u00edlicos. Hoy en d\u00eda nos dedicamos y nos enfocamos en la importaci\u00f3n, distribuci\u00f3n, asesoramiento&nbsp;e instalaci\u00f3n de [&hellip;]\" \/>\n<meta property=\"og:url\" content=\"https:\/\/grupopanorama.com.pa\/?page_id=148\" \/>\n<meta property=\"og:site_name\" content=\"Grupo Panorama\" \/>\n<meta property=\"article:modified_time\" content=\"2025-04-16T03:20:05+00:00\" \/>\n<meta property=\"og:image\" content=\"https:\/\/i0.wp.com\/grupopanorama.com.pa\/wp-content\/uploads\/2024\/09\/deporte-n3-01.jpg?fit=1501%2C431&ssl=1\" \/>\n\t<meta property=\"og:image:width\" content=\"1501\" \/>\n\t<meta property=\"og:image:height\" content=\"431\" \/>\n\t<meta property=\"og:image:type\" content=\"image\/jpeg\" \/>\n<meta name=\"twitter:card\" content=\"summary_large_image\" \/>\n<meta name=\"twitter:label1\" content=\"Tiempo de lectura\" \/>\n\t<meta name=\"twitter:data1\" content=\"1 minuto\" \/>\n<script type=\"application\/ld+json\" class=\"yoast-schema-graph\">{\"@context\":\"https:\\\/\\\/schema.org\",\"@graph\":[{\"@type\":\"WebPage\",\"@id\":\"https:\\\/\\\/grupopanorama.com.pa\\\/?page_id=148\",\"url\":\"https:\\\/\\\/grupopanorama.com.pa\\\/?page_id=148\",\"name\":\"Panorama Pisos - Grupo Panorama\",\"isPartOf\":{\"@id\":\"https:\\\/\\\/grupopanorama.com.pa\\\/#website\"},\"primaryImageOfPage\":{\"@id\":\"https:\\\/\\\/grupopanorama.com.pa\\\/?page_id=148#primaryimage\"},\"image\":{\"@id\":\"https:\\\/\\\/grupopanorama.com.pa\\\/?page_id=148#primaryimage\"},\"thumbnailUrl\":\"https:\\\/\\\/grupopanorama.com.pa\\\/wp-content\\\/uploads\\\/2024\\\/09\\\/deporte-n3-01.jpg\",\"datePublished\":\"2024-09-18T00:28:23+00:00\",\"dateModified\":\"2025-04-16T03:20:05+00:00\",\"breadcrumb\":{\"@id\":\"https:\\\/\\\/grupopanorama.com.pa\\\/?page_id=148#breadcrumb\"},\"inLanguage\":\"es-AR\",\"potentialAction\":[{\"@type\":\"ReadAction\",\"target\":[\"https:\\\/\\\/grupopanorama.com.pa\\\/?page_id=148\"]}]},{\"@type\":\"ImageObject\",\"inLanguage\":\"es-AR\",\"@id\":\"https:\\\/\\\/grupopanorama.com.pa\\\/?page_id=148#primaryimage\",\"url\":\"https:\\\/\\\/i0.wp.com\\\/grupopanorama.com.pa\\\/wp-content\\\/uploads\\\/2024\\\/09\\\/deporte-n3-01.jpg?fit=1501%2C431&ssl=1\",\"contentUrl\":\"https:\\\/\\\/i0.wp.com\\\/grupopanorama.com.pa\\\/wp-content\\\/uploads\\\/2024\\\/09\\\/deporte-n3-01.jpg?fit=1501%2C431&ssl=1\",\"width\":1501,\"height\":431},{\"@type\":\"BreadcrumbList\",\"@id\":\"https:\\\/\\\/grupopanorama.com.pa\\\/?page_id=148#breadcrumb\",\"itemListElement\":[{\"@type\":\"ListItem\",\"position\":1,\"name\":\"Home\",\"item\":\"https:\\\/\\\/grupopanorama.com.pa\\\/\"},{\"@type\":\"ListItem\",\"position\":2,\"name\":\"Panorama Pisos\"}]},{\"@type\":\"WebSite\",\"@id\":\"https:\\\/\\\/grupopanorama.com.pa\\\/#website\",\"url\":\"https:\\\/\\\/grupopanorama.com.pa\\\/\",\"name\":\"Grupo Panorama\",\"description\":\"\",\"publisher\":{\"@id\":\"https:\\\/\\\/grupopanorama.com.pa\\\/#organization\"},\"potentialAction\":[{\"@type\":\"SearchAction\",\"target\":{\"@type\":\"EntryPoint\",\"urlTemplate\":\"https:\\\/\\\/grupopanorama.com.pa\\\/?s={search_term_string}\"},\"query-input\":{\"@type\":\"PropertyValueSpecification\",\"valueRequired\":true,\"valueName\":\"search_term_string\"}}],\"inLanguage\":\"es-AR\"},{\"@type\":\"Organization\",\"@id\":\"https:\\\/\\\/grupopanorama.com.pa\\\/#organization\",\"name\":\"Grupo Panorama\",\"url\":\"https:\\\/\\\/grupopanorama.com.pa\\\/\",\"logo\":{\"@type\":\"ImageObject\",\"inLanguage\":\"es-AR\",\"@id\":\"https:\\\/\\\/grupopanorama.com.pa\\\/#\\\/schema\\\/logo\\\/image\\\/\",\"url\":\"https:\\\/\\\/i0.wp.com\\\/grupopanorama.com.pa\\\/wp-content\\\/uploads\\\/2025\\\/04\\\/cropped-logoPanorama-blanco-0125.webp?fit=300%2C121&ssl=1\",\"contentUrl\":\"https:\\\/\\\/i0.wp.com\\\/grupopanorama.com.pa\\\/wp-content\\\/uploads\\\/2025\\\/04\\\/cropped-logoPanorama-blanco-0125.webp?fit=300%2C121&ssl=1\",\"width\":300,\"height\":121,\"caption\":\"Grupo Panorama\"},\"image\":{\"@id\":\"https:\\\/\\\/grupopanorama.com.pa\\\/#\\\/schema\\\/logo\\\/image\\\/\"}}]}<\/script>\n<!-- \/ Yoast SEO plugin. -->","yoast_head_json":{"title":"Panorama Pisos - Grupo Panorama","robots":{"index":"index","follow":"follow","max-snippet":"max-snippet:-1","max-image-preview":"max-image-preview:large","max-video-preview":"max-video-preview:-1"},"canonical":"https:\/\/grupopanorama.com.pa\/?page_id=148","og_locale":"es_ES","og_type":"article","og_title":"Panorama Pisos - Grupo Panorama","og_description":"Panorama Pisos: Pisos Vin\u00edlicos: Pisos y Acabados Panorama Pisos lleva mas de 20 a\u00f1os como distribuidora a nivel internacional para algunas de las constructoras m\u00e1s grandes del mundo, generando soluciones decorativas y de alto rendimiento en materia de pisos vin\u00edlicos. Hoy en d\u00eda nos dedicamos y nos enfocamos en la importaci\u00f3n, distribuci\u00f3n, asesoramiento&nbsp;e instalaci\u00f3n de [&hellip;]","og_url":"https:\/\/grupopanorama.com.pa\/?page_id=148","og_site_name":"Grupo Panorama","article_modified_time":"2025-04-16T03:20:05+00:00","og_image":[{"width":1501,"height":431,"url":"https:\/\/i0.wp.com\/grupopanorama.com.pa\/wp-content\/uploads\/2024\/09\/deporte-n3-01.jpg?fit=1501%2C431&ssl=1","type":"image\/jpeg"}],"twitter_card":"summary_large_image","twitter_misc":{"Tiempo de lectura":"1 minuto"},"schema":{"@context":"https:\/\/schema.org","@graph":[{"@type":"WebPage","@id":"https:\/\/grupopanorama.com.pa\/?page_id=148","url":"https:\/\/grupopanorama.com.pa\/?page_id=148","name":"Panorama Pisos - Grupo Panorama","isPartOf":{"@id":"https:\/\/grupopanorama.com.pa\/#website"},"primaryImageOfPage":{"@id":"https:\/\/grupopanorama.com.pa\/?page_id=148#primaryimage"},"image":{"@id":"https:\/\/grupopanorama.com.pa\/?page_id=148#primaryimage"},"thumbnailUrl":"https:\/\/grupopanorama.com.pa\/wp-content\/uploads\/2024\/09\/deporte-n3-01.jpg","datePublished":"2024-09-18T00:28:23+00:00","dateModified":"2025-04-16T03:20:05+00:00","breadcrumb":{"@id":"https:\/\/grupopanorama.com.pa\/?page_id=148#breadcrumb"},"inLanguage":"es-AR","potentialAction":[{"@type":"ReadAction","target":["https:\/\/grupopanorama.com.pa\/?page_id=148"]}]},{"@type":"ImageObject","inLanguage":"es-AR","@id":"https:\/\/grupopanorama.com.pa\/?page_id=148#primaryimage","url":"https:\/\/i0.wp.com\/grupopanorama.com.pa\/wp-content\/uploads\/2024\/09\/deporte-n3-01.jpg?fit=1501%2C431&ssl=1","contentUrl":"https:\/\/i0.wp.com\/grupopanorama.com.pa\/wp-content\/uploads\/2024\/09\/deporte-n3-01.jpg?fit=1501%2C431&ssl=1","width":1501,"height":431},{"@type":"BreadcrumbList","@id":"https:\/\/grupopanorama.com.pa\/?page_id=148#breadcrumb","itemListElement":[{"@type":"ListItem","position":1,"name":"Home","item":"https:\/\/grupopanorama.com.pa\/"},{"@type":"ListItem","position":2,"name":"Panorama Pisos"}]},{"@type":"WebSite","@id":"https:\/\/grupopanorama.com.pa\/#website","url":"https:\/\/grupopanorama.com.pa\/","name":"Grupo Panorama","description":"","publisher":{"@id":"https:\/\/grupopanorama.com.pa\/#organization"},"potentialAction":[{"@type":"SearchAction","target":{"@type":"EntryPoint","urlTemplate":"https:\/\/grupopanorama.com.pa\/?s={search_term_string}"},"query-input":{"@type":"PropertyValueSpecification","valueRequired":true,"valueName":"search_term_string"}}],"inLanguage":"es-AR"},{"@type":"Organization","@id":"https:\/\/grupopanorama.com.pa\/#organization","name":"Grupo Panorama","url":"https:\/\/grupopanorama.com.pa\/","logo":{"@type":"ImageObject","inLanguage":"es-AR","@id":"https:\/\/grupopanorama.com.pa\/#\/schema\/logo\/image\/","url":"https:\/\/i0.wp.com\/grupopanorama.com.pa\/wp-content\/uploads\/2025\/04\/cropped-logoPanorama-blanco-0125.webp?fit=300%2C121&ssl=1","contentUrl":"https:\/\/i0.wp.com\/grupopanorama.com.pa\/wp-content\/uploads\/2025\/04\/cropped-logoPanorama-blanco-0125.webp?fit=300%2C121&ssl=1","width":300,"height":121,"caption":"Grupo Panorama"},"image":{"@id":"https:\/\/grupopanorama.com.pa\/#\/schema\/logo\/image\/"}}]}},"jetpack_sharing_enabled":true,"_links":{"self":[{"href":"https:\/\/grupopanorama.com.pa\/index.php?rest_route=\/wp\/v2\/pages\/148","targetHints":{"allow":["GET"]}}],"collection":[{"href":"https:\/\/grupopanorama.com.pa\/index.php?rest_route=\/wp\/v2\/pages"}],"about":[{"href":"https:\/\/grupopanorama.com.pa\/index.php?rest_route=\/wp\/v2\/types\/page"}],"author":[{"embeddable":true,"href":"https:\/\/grupopanorama.com.pa\/index.php?rest_route=\/wp\/v2\/users\/1"}],"replies":[{"embeddable":true,"href":"https:\/\/grupopanorama.com.pa\/index.php?rest_route=%2Fwp%2Fv2%2Fcomments&post=148"}],"version-history":[{"count":20,"href":"https:\/\/grupopanorama.com.pa\/index.php?rest_route=\/wp\/v2\/pages\/148\/revisions"}],"predecessor-version":[{"id":950,"href":"https:\/\/grupopanorama.com.pa\/index.php?rest_route=\/wp\/v2\/pages\/148\/revisions\/950"}],"wp:attachment":[{"href":"https:\/\/grupopanorama.com.pa\/index.php?rest_route=%2Fwp%2Fv2%2Fmedia&parent=148"}],"curies":[{"name":"wp","href":"https:\/\/api.w.org\/{rel}","templated":true}]}}